{"id":292,"date":"2020-05-03T13:19:45","date_gmt":"2020-05-03T13:19:45","guid":{"rendered":"http:\/\/www.karasandri.com\/?page_id=292"},"modified":"2024-01-15T21:49:47","modified_gmt":"2024-01-15T21:49:47","slug":"home-2","status":"publish","type":"page","link":"http:\/\/www.kasandri.com\/","title":{"rendered":"Home"},"content":{"rendered":"<p>[et_pb_section fb_built=&#8221;1&#8243; fullwidth=&#8221;on&#8221; _builder_version=&#8221;4.23.4&#8243; _module_preset=&#8221;default&#8221; global_colors_info=&#8221;{}&#8221;][et_pb_fullwidth_image title_text=&#8221;weddingkasandri&#8221; _builder_version=&#8221;4.23.4&#8243; _module_preset=&#8221;default&#8221; background_image=&#8221;http:\/\/www.kasandri.com\/wp-content\/uploads\/2024\/01\/weddingkasandri.jpg&#8221; background_position=&#8221;top_center&#8221; module_alignment=&#8221;center&#8221; height=&#8221;1000px&#8221; max_height=&#8221;860px&#8221; custom_margin=&#8221;||||false|false&#8221; custom_padding=&#8221;||||false|false&#8221; global_colors_info=&#8221;{}&#8221;][\/et_pb_fullwidth_image][\/et_pb_section][et_pb_section fb_built=&#8221;1&#8243; _builder_version=&#8221;4.23.4&#8243; _module_preset=&#8221;default&#8221; background_color=&#8221;#fdf9f8&#8243; global_colors_info=&#8221;{}&#8221;][et_pb_row _builder_version=&#8221;4.23.4&#8243; _module_preset=&#8221;default&#8221; global_colors_info=&#8221;{}&#8221;][et_pb_column type=&#8221;4_4&#8243; _builder_version=&#8221;4.23.4&#8243; _module_preset=&#8221;default&#8221; global_colors_info=&#8221;{}&#8221;][et_pb_text _builder_version=&#8221;4.23.4&#8243; _module_preset=&#8221;default&#8221; custom_margin=&#8221;113px|0px|0px|0px|false|false&#8221; global_colors_info=&#8221;{}&#8221;]<\/p>\n<h3 style=\"text-align: center;\">It\u2019s about\u00a0<em>memories<\/em> <em><\/em>to be<\/h3>\n<h3 style=\"text-align: center;\">enjoyed <em>for<\/em> <em>generations<\/em>.<span left=\"\">\u00a0<\/span><\/h3>\n<p>[\/et_pb_text][\/et_pb_column][\/et_pb_row][et_pb_row _builder_version=&#8221;4.23.4&#8243; _module_preset=&#8221;default&#8221; custom_padding=&#8221;72px|0px||||&#8221; global_colors_info=&#8221;{}&#8221; custom_margin=&#8221;|280px||324px||&#8221;][et_pb_column type=&#8221;4_4&#8243; _builder_version=&#8221;4.23.4&#8243; _module_preset=&#8221;default&#8221; global_colors_info=&#8221;{}&#8221;][et_pb_text _builder_version=&#8221;4.23.4&#8243; _module_preset=&#8221;default&#8221; text_font_size=&#8221;24px&#8221; global_colors_info=&#8221;{}&#8221;]<\/p>\n<p style=\"text-align: center;\">Sch\u00f6n, dass ihr auf meine Website gefunden habt!<\/p>\n<p style=\"text-align: center;\">\n<p style=\"text-align: center;\">\n<p style=\"text-align: center;\">Ich hei\u00dfe Katharina und bin eine \u00f6sterreichische Fotografin,<\/p>\n<p style=\"text-align: center;\">die sich auf Hochzeits- und Portraitfotografie spezialisiert hat.<\/p>\n<p style=\"text-align: center;\">\n<p style=\"text-align: center;\">\n<p style=\"text-align: center;\"><span style=\"font-size: x-large;\"><strong>Meine Website wird im Moment aktualisiert und ist in wenigen Tagen wieder online.<\/strong><\/span><\/p>\n<p style=\"text-align: center;\">\n<p style=\"text-align: center;\">\n<p style=\"text-align: center;\">Inzwischen erreicht ihr mich per Mail: <span style=\"text-decoration: underline;\"><strong><a href=\"mailto:contact@kasandri.com\">contact@kasandri.com<\/a><\/strong><\/span><\/p>\n<p style=\"text-align: center;\">Einen Einblick meiner Arbeit ist auf Instagram zu finden: <strong><a href=\"https:\/\/www.instagram.com\/kasandri.photography?igsh=NTI5bTBqbjB0eGJ2\">KASANDRI<\/a>\u00a0<\/strong><\/p>\n<p>[\/et_pb_text][\/et_pb_column][\/et_pb_row][\/et_pb_section]<\/p>\n","protected":false},"excerpt":{"rendered":"<p>It\u2019s about\u00a0memories to be enjoyed for generations.\u00a0Sch\u00f6n, dass ihr auf meine Website gefunden habt! Ich hei\u00dfe Katharina und bin eine \u00f6sterreichische Fotografin, die sich auf Hochzeits- und Portraitfotografie spezialisiert hat. Meine Website wird im Moment aktualisiert und ist in wenigen Tagen wieder online. Inzwischen erreicht ihr mich per Mail: contact@kasandri.com Einen Einblick meiner Arbeit ist [&hellip;]<\/p>\n","protected":false},"author":1,"featured_media":0,"parent":0,"menu_order":0,"comment_status":"closed","ping_status":"closed","template":"","meta":{"_et_pb_use_builder":"on","_et_pb_old_content":"","_et_gb_content_width":"","footnotes":""},"class_list":["post-292","page","type-page","status-publish","hentry"],"_links":{"self":[{"href":"http:\/\/www.kasandri.com\/index.php?rest_route=\/wp\/v2\/pages\/292","targetHints":{"allow":["GET"]}}],"collection":[{"href":"http:\/\/www.kasandri.com\/index.php?rest_route=\/wp\/v2\/pages"}],"about":[{"href":"http:\/\/www.kasandri.com\/index.php?rest_route=\/wp\/v2\/types\/page"}],"author":[{"embeddable":true,"href":"http:\/\/www.kasandri.com\/index.php?rest_route=\/wp\/v2\/users\/1"}],"replies":[{"embeddable":true,"href":"http:\/\/www.kasandri.com\/index.php?rest_route=%2Fwp%2Fv2%2Fcomments&post=292"}],"version-history":[{"count":92,"href":"http:\/\/www.kasandri.com\/index.php?rest_route=\/wp\/v2\/pages\/292\/revisions"}],"predecessor-version":[{"id":552,"href":"http:\/\/www.kasandri.com\/index.php?rest_route=\/wp\/v2\/pages\/292\/revisions\/552"}],"wp:attachment":[{"href":"http:\/\/www.kasandri.com\/index.php?rest_route=%2Fwp%2Fv2%2Fmedia&parent=292"}],"curies":[{"name":"wp","href":"https:\/\/api.w.org\/{rel}","templated":true}]}}